{"id":25,"date":"2014-05-30T15:18:54","date_gmt":"2014-05-30T14:18:54","guid":{"rendered":"http:\/\/www.seclantas-adentro-vinos.com\/?page_id=25"},"modified":"2026-03-07T18:26:35","modified_gmt":"2026-03-07T17:26:35","slug":"vinos-exclusivos","status":"publish","type":"page","link":"https:\/\/www.seclantas-adentro-vinos.com\/es\/vinos-exclusivos\/","title":{"rendered":"Vinos exclusivos"},"content":{"rendered":"<h2 id=\"malbec\" style=\"text-align: center;\"><em>Malbec<\/em><a href=\"http:\/\/www.seclantas-adentro-vinos.com\/wp-content\/uploads\/2015\/03\/FL0A4463M.jpg\"><br \/>\n<img loading=\"lazy\" decoding=\"async\" class=\"size-medium wp-image-314 aligncenter\" src=\"http:\/\/www.seclantas-adentro-vinos.com\/wp-content\/uploads\/2015\/03\/FL0A4463M-666x500.jpg\" alt=\"FL0A4463M\" width=\"666\" height=\"500\" srcset=\"https:\/\/www.seclantas-adentro-vinos.com\/wp-content\/uploads\/2015\/03\/FL0A4463M-666x500.jpg 666w, https:\/\/www.seclantas-adentro-vinos.com\/wp-content\/uploads\/2015\/03\/FL0A4463M-266x200.jpg 266w, https:\/\/www.seclantas-adentro-vinos.com\/wp-content\/uploads\/2015\/03\/FL0A4463M-1066x800.jpg 1066w, https:\/\/www.seclantas-adentro-vinos.com\/wp-content\/uploads\/2015\/03\/FL0A4463M.jpg 1200w\" sizes=\"auto, (max-width: 666px) 100vw, 666px\" \/><\/a><\/h2>\n<p>Nuestras uvas son tan concentradas y expresivas que merecen mostrarse en toda su singularidad. Es por ello que hemos optado por no utilizar barricas ni rayos para su crianza.<br \/>\nLas uvas recogidas a mano y seleccionadas en el vi\u00f1edo son despalilladas y fermentadas con levaduras aut\u00f3ctonas en dep\u00f3sitos de acero inoxidable a temperatura controlada entre 28 y 30\u00b0C. Durante este per\u00edodo se realizan remontados suaves y diarios para obtener la \u00f3ptima extracci\u00f3n del color y la estructura t\u00e1nica del vino.<br \/>\nUna vez finalizada la fermentaci\u00f3n alcoh\u00f3lica, el vino pasa a otros dep\u00f3sitos de acero inoxidable donde tiene lugar la fermentaci\u00f3n malol\u00e1ctica espont\u00e1nea. No es raro que las bajas temperaturas invernales detengan la fermentaci\u00f3n malol\u00e1ctica y se reanuden en primavera.<br \/>\nUna vez embotellado, el malbec contin\u00faa envejeciendo durante cuatro o cinco a\u00f1os antes de ser comercializado.<\/p>\n<p>&nbsp;<\/p>\n<p>&nbsp;<\/p>\n<h2 id=\"tannat\" style=\"text-align: center;\"><em>Tannat<\/em><\/h2>\n<p><a href=\"http:\/\/www.seclantas-adentro-vinos.com\/wp-content\/uploads\/2015\/03\/FL0A4508T.jpg\"><img loading=\"lazy\" decoding=\"async\" class=\"size-medium wp-image-315 aligncenter\" src=\"http:\/\/www.seclantas-adentro-vinos.com\/wp-content\/uploads\/2015\/03\/FL0A4508T-666x500.jpg\" alt=\"FL0A4508T\" width=\"666\" height=\"500\" srcset=\"https:\/\/www.seclantas-adentro-vinos.com\/wp-content\/uploads\/2015\/03\/FL0A4508T-666x500.jpg 666w, https:\/\/www.seclantas-adentro-vinos.com\/wp-content\/uploads\/2015\/03\/FL0A4508T-266x200.jpg 266w, https:\/\/www.seclantas-adentro-vinos.com\/wp-content\/uploads\/2015\/03\/FL0A4508T-1066x800.jpg 1066w, https:\/\/www.seclantas-adentro-vinos.com\/wp-content\/uploads\/2015\/03\/FL0A4508T.jpg 1200w\" sizes=\"auto, (max-width: 666px) 100vw, 666px\" \/><\/a><\/p>\n<p>Tannat, una variedad de uva exigente y austera, originaria del suroeste de Francia, ha encontrado en Seclantas Adentro, bajo los molles, \u00e1rboles de pimienta rosa, un lugar para expresar toda su potencia y elegancia arom\u00e1tica.<br \/>\nDesde su primera cuv\u00e9e en 2011, Tannat se convirti\u00f3 en el vino ic\u00f3nico de la finca. Sus caracter\u00edsticas ligadas al desierto mineral en el que crecen las vides contrastan con la versi\u00f3n atl\u00e1ntica de la variedad de uva conocida en Francia y Uruguay.<br \/>\nLa uva recogida a mano se despalilla y fermenta con sus levaduras aut\u00f3ctonas en tanques de acero inoxidable. La crianza se realiza durante nueve meses en barricas viejas de tercer o cuarto uso para redondear los taninos de esta rebelde variedad de uva. La crianza contin\u00faa en botella durante al menos cinco a\u00f1os antes de salir al mercado.<\/p>\n<h2><\/h2>\n<h2 id=\"criolla\" style=\"text-align: center;\"><em>Criolla<\/em><\/h2>\n<p><img loading=\"lazy\" decoding=\"async\" class=\"wp-image-2757 aligncenter\" src=\"https:\/\/www.seclantas-adentro-vinos.com\/wp-content\/uploads\/2026\/03\/IMG_8708-410x800.jpeg\" alt=\"\" width=\"227\" height=\"443\" srcset=\"https:\/\/www.seclantas-adentro-vinos.com\/wp-content\/uploads\/2026\/03\/IMG_8708-410x800.jpeg 410w, https:\/\/www.seclantas-adentro-vinos.com\/wp-content\/uploads\/2026\/03\/IMG_8708-256x500.jpeg 256w, https:\/\/www.seclantas-adentro-vinos.com\/wp-content\/uploads\/2026\/03\/IMG_8708-103x200.jpeg 103w, https:\/\/www.seclantas-adentro-vinos.com\/wp-content\/uploads\/2026\/03\/IMG_8708-768x1498.jpeg 768w, https:\/\/www.seclantas-adentro-vinos.com\/wp-content\/uploads\/2026\/03\/IMG_8708-787x1536.jpeg 787w, https:\/\/www.seclantas-adentro-vinos.com\/wp-content\/uploads\/2026\/03\/IMG_8708-1050x2048.jpeg 1050w, https:\/\/www.seclantas-adentro-vinos.com\/wp-content\/uploads\/2026\/03\/IMG_8708-12x24.jpeg 12w, https:\/\/www.seclantas-adentro-vinos.com\/wp-content\/uploads\/2026\/03\/IMG_8708-18x36.jpeg 18w, https:\/\/www.seclantas-adentro-vinos.com\/wp-content\/uploads\/2026\/03\/IMG_8708-25x48.jpeg 25w, https:\/\/www.seclantas-adentro-vinos.com\/wp-content\/uploads\/2026\/03\/IMG_8708-scaled.jpeg 1312w\" sizes=\"auto, (max-width: 227px) 100vw, 227px\" \/><\/p>\n<p>La criolla chica, descendiente lejana del listan prieto, una variedad de uva castellana robusta y generosa, lleg\u00f3 a Am\u00e9rica en el siglo XVI durante la conquista.<br \/>\nDurante mucho tiempo ha servido como un \u00abvino de misa\u00bb, en perfecto anonimato y en los Valles Calchaqu\u00edes no es raro ver algunas vides criollas plantadas alrededor de las casas.<br \/>\nEs s\u00f3lo desde hace unos veinte a\u00f1os que la vinificaci\u00f3n de la Criolla en un esp\u00edritu gastron\u00f3mico ha permitido producir vinos livianos, con una sutil fructosidad y muy f\u00e1ciles de beber, dando as\u00ed letras de nobleza a esta ancestral variedad de uva.<br \/>\nLa uva de vi\u00f1edos casi centenarios se recolecta a mano, en su mayor\u00eda despalillada, y luego se fermenta con levaduras ind\u00edgenas en tanques de acero inoxidable a bajas temperaturas. La extracci\u00f3n es suave y la crianza se realiza en barricas viejas de 225 litros de roble franc\u00e9s de cuarto y quinto uso durante 24 meses.<\/p>\n<h2><\/h2>\n<h2 id=\"grenache\" style=\"text-align: center;\"><em><span class=\"Y2IQFc\" lang=\"es\">Garnacha<\/span><\/em><\/h2>\n<p><img loading=\"lazy\" decoding=\"async\" class=\"wp-image-2750 aligncenter\" src=\"https:\/\/www.seclantas-adentro-vinos.com\/wp-content\/uploads\/2026\/03\/IMG_0843-518x800.jpeg\" alt=\"\" width=\"331\" height=\"511\" srcset=\"https:\/\/www.seclantas-adentro-vinos.com\/wp-content\/uploads\/2026\/03\/IMG_0843-518x800.jpeg 518w, https:\/\/www.seclantas-adentro-vinos.com\/wp-content\/uploads\/2026\/03\/IMG_0843-323x500.jpeg 323w, https:\/\/www.seclantas-adentro-vinos.com\/wp-content\/uploads\/2026\/03\/IMG_0843-129x200.jpeg 129w, https:\/\/www.seclantas-adentro-vinos.com\/wp-content\/uploads\/2026\/03\/IMG_0843-768x1187.jpeg 768w, https:\/\/www.seclantas-adentro-vinos.com\/wp-content\/uploads\/2026\/03\/IMG_0843-994x1536.jpeg 994w, https:\/\/www.seclantas-adentro-vinos.com\/wp-content\/uploads\/2026\/03\/IMG_0843-1325x2048.jpeg 1325w, https:\/\/www.seclantas-adentro-vinos.com\/wp-content\/uploads\/2026\/03\/IMG_0843-16x24.jpeg 16w, https:\/\/www.seclantas-adentro-vinos.com\/wp-content\/uploads\/2026\/03\/IMG_0843-23x36.jpeg 23w, https:\/\/www.seclantas-adentro-vinos.com\/wp-content\/uploads\/2026\/03\/IMG_0843-31x48.jpeg 31w, https:\/\/www.seclantas-adentro-vinos.com\/wp-content\/uploads\/2026\/03\/IMG_0843-scaled.jpeg 1656w\" sizes=\"auto, (max-width: 331px) 100vw, 331px\" \/><\/p>\n<p id=\"tw-target-text\" class=\"tw-data-text tw-text-large tw-ta\" dir=\"ltr\" tabindex=\"-1\" role=\"text\" data-placeholder=\"Traduction\" data-ved=\"2ahUKEwiBttfGoo6TAxUtqJUCHYxSG4oQ3ewLegQIBBAW\" aria-label=\"Texte traduit\u00a0: Garnacha En 2017 y 2018, plantamos vides de Garnacha Negra sin injertar en una \u00fanica parcela de 0,5 hect\u00e1reas. Estas vides tardaron varios a\u00f1os en aclimatarse a esta altitud. De hecho, es el vi\u00f1edo de Garnacha m\u00e1s alto del mundo. El terroir de esquisto donde est\u00e1n plantadas las vides, la exposici\u00f3n este-oeste, la \u00f3ptima maduraci\u00f3n de las uvas en la vendimia y la vinificaci\u00f3n en dep\u00f3sitos de hormig\u00f3n con forma de huevo nos permitieron elaborar un vino particularmente sorprendente en 2023: un hermoso color cereza puro, un aroma floral a p\u00e9talos de rosa y geranio, peque\u00f1os frutos rojos como fresa y frambuesa, sobre un fondo especiado t\u00edpico de la finca. En boca es delicado, fresco y elegante, con un final largo y una agradable acidez. Esta cuv\u00e9e recibi\u00f3 una aclamaci\u00f3n casi un\u00e1nime y fue r\u00e1pidamente incluida en las listas de los mejores restaurantes con estrellas Michelin de Francia.\"><span class=\"Y2IQFc\" lang=\"es\">\u00a0En 2017 y 2018, plantamos vides de Garnacha Negra sin injertar en una \u00fanica parcela de 0,5 hect\u00e1reas. Estas vides tardaron varios a\u00f1os en aclimatarse a esta altitud. De hecho, es el vi\u00f1edo de Garnacha m\u00e1s alto del mundo. El terroir de esquisto donde est\u00e1n plantadas las vides, la exposici\u00f3n este-oeste, la \u00f3ptima maduraci\u00f3n de las uvas en la vendimia y la vinificaci\u00f3n en huevos de hormig\u00f3n nos permitieron elaborar un vino particularmente sorprendente en 2023: un hermoso color cereza puro, un aroma floral a p\u00e9talos de rosa y geranio, peque\u00f1os frutos rojos como fresa y frambuesa, sobre un fondo especiado t\u00edpico de la finca. En boca es delicado, fresco y elegante, con un final largo y una agradable acidez. Esta cuv\u00e9e recibi\u00f3 una aclamaci\u00f3n casi un\u00e1nime y fue r\u00e1pidamente incluida en las listas de los mejores restaurantes con estrellas Michelin de Francia.<\/span><\/p>\n","protected":false},"excerpt":{"rendered":"<p>Malbec Nuestras uvas son tan concentradas y expresivas que merecen mostrarse en toda su singularidad. Es por ello que hemos optado por no utilizar barricas ni rayos para su crianza. Las uvas recogidas a mano y seleccionadas en el vi\u00f1edo son despalilladas y fermentadas con levaduras aut\u00f3ctonas en dep\u00f3sitos de acero inoxidable a temperatura controlada [&hellip;]<\/p>\n","protected":false},"author":1,"featured_media":0,"parent":0,"menu_order":0,"comment_status":"open","ping_status":"closed","template":"template-fullwidth.php","meta":{"_mi_skip_tracking":false,"footnotes":""},"class_list":["post-25","page","type-page","status-publish","hentry"],"yoast_head":"<!-- This site is optimized with the Yoast SEO plugin v20.4 - https:\/\/yoast.com\/wordpress\/plugins\/seo\/ -->\n<title>Vinos exclusivos - Seclantas Adentro<\/title>\n<meta name=\"robots\" content=\"index, follow, max-snippet:-1, max-image-preview:large, max-video-preview:-1\" \/>\n<link rel=\"canonical\" href=\"https:\/\/www.seclantas-adentro-vinos.com\/es\/vinos-exclusivos\/\" \/>\n<meta property=\"og:locale\" content=\"es_ES\" \/>\n<meta property=\"og:type\" content=\"article\" \/>\n<meta property=\"og:title\" content=\"Vinos exclusivos - Seclantas Adentro\" \/>\n<meta property=\"og:description\" content=\"Malbec Nuestras uvas son tan concentradas y expresivas que merecen mostrarse en toda su singularidad. Es por ello que hemos optado por no utilizar barricas ni rayos para su crianza. Las uvas recogidas a mano y seleccionadas en el vi\u00f1edo son despalilladas y fermentadas con levaduras aut\u00f3ctonas en dep\u00f3sitos de acero inoxidable a temperatura controlada [&hellip;]\" \/>\n<meta property=\"og:url\" content=\"https:\/\/www.seclantas-adentro-vinos.com\/es\/vinos-exclusivos\/\" \/>\n<meta property=\"og:site_name\" content=\"Seclantas Adentro\" \/>\n<meta property=\"article:publisher\" content=\"https:\/\/www.facebook.com\/seclantas.adentro\" \/>\n<meta property=\"article:modified_time\" content=\"2026-03-07T17:26:35+00:00\" \/>\n<meta property=\"og:image\" content=\"http:\/\/www.seclantas-adentro-vinos.com\/wp-content\/uploads\/2015\/03\/FL0A4463M-666x500.jpg\" \/>\n<meta name=\"twitter:card\" content=\"summary_large_image\" \/>\n<meta name=\"twitter:label1\" content=\"Tiempo de lectura\" \/>\n\t<meta name=\"twitter:data1\" content=\"4 minutos\" \/>\n<script type=\"application\/ld+json\" class=\"yoast-schema-graph\">{\"@context\":\"https:\/\/schema.org\",\"@graph\":[{\"@type\":\"WebPage\",\"@id\":\"https:\/\/www.seclantas-adentro-vinos.com\/es\/vinos-exclusivos\/\",\"url\":\"https:\/\/www.seclantas-adentro-vinos.com\/es\/vinos-exclusivos\/\",\"name\":\"Vinos exclusivos - Seclantas Adentro\",\"isPartOf\":{\"@id\":\"https:\/\/www.seclantas-adentro-vinos.com\/es\/#website\"},\"datePublished\":\"2014-05-30T14:18:54+00:00\",\"dateModified\":\"2026-03-07T17:26:35+00:00\",\"breadcrumb\":{\"@id\":\"https:\/\/www.seclantas-adentro-vinos.com\/es\/vinos-exclusivos\/#breadcrumb\"},\"inLanguage\":\"es\",\"potentialAction\":[{\"@type\":\"ReadAction\",\"target\":[\"https:\/\/www.seclantas-adentro-vinos.com\/es\/vinos-exclusivos\/\"]}]},{\"@type\":\"BreadcrumbList\",\"@id\":\"https:\/\/www.seclantas-adentro-vinos.com\/es\/vinos-exclusivos\/#breadcrumb\",\"itemListElement\":[{\"@type\":\"ListItem\",\"position\":1,\"name\":\"Accueil\",\"item\":\"https:\/\/www.seclantas-adentro-vinos.com\/es\/\"},{\"@type\":\"ListItem\",\"position\":2,\"name\":\"Vinos exclusivos\"}]},{\"@type\":\"WebSite\",\"@id\":\"https:\/\/www.seclantas-adentro-vinos.com\/es\/#website\",\"url\":\"https:\/\/www.seclantas-adentro-vinos.com\/es\/\",\"name\":\"Seclantas Adentro\",\"description\":\"An exceptional wine  The quintessence of the Calchaqu\u00ed Valley.\",\"potentialAction\":[{\"@type\":\"SearchAction\",\"target\":{\"@type\":\"EntryPoint\",\"urlTemplate\":\"https:\/\/www.seclantas-adentro-vinos.com\/es\/?s={search_term_string}\"},\"query-input\":\"required name=search_term_string\"}],\"inLanguage\":\"es\"}]}<\/script>\n<!-- \/ Yoast SEO plugin. -->","yoast_head_json":{"title":"Vinos exclusivos - Seclantas Adentro","robots":{"index":"index","follow":"follow","max-snippet":"max-snippet:-1","max-image-preview":"max-image-preview:large","max-video-preview":"max-video-preview:-1"},"canonical":"https:\/\/www.seclantas-adentro-vinos.com\/es\/vinos-exclusivos\/","og_locale":"es_ES","og_type":"article","og_title":"Vinos exclusivos - Seclantas Adentro","og_description":"Malbec Nuestras uvas son tan concentradas y expresivas que merecen mostrarse en toda su singularidad. Es por ello que hemos optado por no utilizar barricas ni rayos para su crianza. Las uvas recogidas a mano y seleccionadas en el vi\u00f1edo son despalilladas y fermentadas con levaduras aut\u00f3ctonas en dep\u00f3sitos de acero inoxidable a temperatura controlada [&hellip;]","og_url":"https:\/\/www.seclantas-adentro-vinos.com\/es\/vinos-exclusivos\/","og_site_name":"Seclantas Adentro","article_publisher":"https:\/\/www.facebook.com\/seclantas.adentro","article_modified_time":"2026-03-07T17:26:35+00:00","og_image":[{"url":"http:\/\/www.seclantas-adentro-vinos.com\/wp-content\/uploads\/2015\/03\/FL0A4463M-666x500.jpg"}],"twitter_card":"summary_large_image","twitter_misc":{"Tiempo de lectura":"4 minutos"},"schema":{"@context":"https:\/\/schema.org","@graph":[{"@type":"WebPage","@id":"https:\/\/www.seclantas-adentro-vinos.com\/es\/vinos-exclusivos\/","url":"https:\/\/www.seclantas-adentro-vinos.com\/es\/vinos-exclusivos\/","name":"Vinos exclusivos - Seclantas Adentro","isPartOf":{"@id":"https:\/\/www.seclantas-adentro-vinos.com\/es\/#website"},"datePublished":"2014-05-30T14:18:54+00:00","dateModified":"2026-03-07T17:26:35+00:00","breadcrumb":{"@id":"https:\/\/www.seclantas-adentro-vinos.com\/es\/vinos-exclusivos\/#breadcrumb"},"inLanguage":"es","potentialAction":[{"@type":"ReadAction","target":["https:\/\/www.seclantas-adentro-vinos.com\/es\/vinos-exclusivos\/"]}]},{"@type":"BreadcrumbList","@id":"https:\/\/www.seclantas-adentro-vinos.com\/es\/vinos-exclusivos\/#breadcrumb","itemListElement":[{"@type":"ListItem","position":1,"name":"Accueil","item":"https:\/\/www.seclantas-adentro-vinos.com\/es\/"},{"@type":"ListItem","position":2,"name":"Vinos exclusivos"}]},{"@type":"WebSite","@id":"https:\/\/www.seclantas-adentro-vinos.com\/es\/#website","url":"https:\/\/www.seclantas-adentro-vinos.com\/es\/","name":"Seclantas Adentro","description":"An exceptional wine  The quintessence of the Calchaqu\u00ed Valley.","potentialAction":[{"@type":"SearchAction","target":{"@type":"EntryPoint","urlTemplate":"https:\/\/www.seclantas-adentro-vinos.com\/es\/?s={search_term_string}"},"query-input":"required name=search_term_string"}],"inLanguage":"es"}]}},"_links":{"self":[{"href":"https:\/\/www.seclantas-adentro-vinos.com\/es\/wp-json\/wp\/v2\/pages\/25","targetHints":{"allow":["GET"]}}],"collection":[{"href":"https:\/\/www.seclantas-adentro-vinos.com\/es\/wp-json\/wp\/v2\/pages"}],"about":[{"href":"https:\/\/www.seclantas-adentro-vinos.com\/es\/wp-json\/wp\/v2\/types\/page"}],"author":[{"embeddable":true,"href":"https:\/\/www.seclantas-adentro-vinos.com\/es\/wp-json\/wp\/v2\/users\/1"}],"replies":[{"embeddable":true,"href":"https:\/\/www.seclantas-adentro-vinos.com\/es\/wp-json\/wp\/v2\/comments?post=25"}],"version-history":[{"count":18,"href":"https:\/\/www.seclantas-adentro-vinos.com\/es\/wp-json\/wp\/v2\/pages\/25\/revisions"}],"predecessor-version":[{"id":2761,"href":"https:\/\/www.seclantas-adentro-vinos.com\/es\/wp-json\/wp\/v2\/pages\/25\/revisions\/2761"}],"wp:attachment":[{"href":"https:\/\/www.seclantas-adentro-vinos.com\/es\/wp-json\/wp\/v2\/media?parent=25"}],"curies":[{"name":"wp","href":"https:\/\/api.w.org\/{rel}","templated":true}]}}