{"id":127,"date":"2014-06-17T09:35:25","date_gmt":"2014-06-17T08:35:25","guid":{"rendered":"http:\/\/www.seclantas-adentro-vinos.com\/?page_id=127"},"modified":"2023-03-14T07:20:43","modified_gmt":"2023-03-14T06:20:43","slug":"aviso-legal","status":"publish","type":"page","link":"https:\/\/www.seclantas-adentro-vinos.com\/es\/aviso-legal\/","title":{"rendered":"Aviso Legal"},"content":{"rendered":"<p>El nombre de dominio seclantas-adentro-vinos.com pertenece a Seclantas Adentro.<\/p>\n<h2>Propietario y Editor del sitio Internet Seclantas\u00a0Adentro<\/h2>\n<p>Seclant\u00e1s Adentro Ruta 40, KM 4472 Valles Calchaqu\u00edes, Salta Argentina <a href=\"mailto:info@seclantas-adentro-vinos.com\">info@seclantas-adentro-vinos.com<\/a><\/p>\n<h2>Hosting del sitio seclantas-adentro-vinos.com<\/h2>\n<p>El sitio seclantas-adentro-vinos.com\u00a0est\u00e1 alojado por OVH 2 rue Kellermann 59100 Roubaix (FRANCE) Fax : (+33) 8 203 203 63<\/p>\n<h2>Importante<\/h2>\n<p>Los derechos de propiedad intelectual correspondientes al sitio seclantas-adentro-vinos.com\u00a0pertenecen a Seclantas\u00a0Adentro. La utilizaci\u00f3n, reproducci\u00f3n, difusi\u00f3n, comercializaci\u00f3n o modificaci\u00f3n total o parcial del sitio sin autorizaci\u00f3n de Seclant\u00e1s\u00a0Adentro\u00a0est\u00e1 prohibida, y puede llevar a acciones y diligencias judiciales, principalmente las previstas por el C\u00f3digo de Propiedad Intelectual o por el C\u00f3digo Civil. El <strong>responsable de la publicaci\u00f3n<\/strong> del sitio Web de Seclantas\u00a0Adentro\u00a0es \u00a0Alicia Hasenbalg . El usuario de este sitio reconoce disponer de la competencia y de los medios necesarios para acceder y utilizar este sitio, y haber verificado que la configuraci\u00f3n inform\u00e1tica utilizada no contiene ning\u00fan virus y que est\u00e1 en perfecto estado de funcionamiento. El usuario reconoce haber sido informado de que este sitio es accesible permanentemente, a excepci\u00f3n de casos de fuerza mayor, dificultades inform\u00e1ticas, dificultades relacionadas con la estructura de las redes de comunicaci\u00f3n o dificultades t\u00e9cnicas. Por razones de mantenimiento, Seclant\u00e1s\u00a0Adentro\u00a0podr\u00e1 interrumpir el sitio y se esforzar\u00e1 por advertir previamente a los usuarios.<\/p>\n<h2>Cr\u00e9ditos<\/h2>\n<h3>Dise\u00f1o Editorial<\/h3>\n<p>Alicia Hasenbalg<\/p>\n<h3>Cr\u00e9ditos foto<\/h3>\n<p>Alicia Hasenbalg\u00a0\u2013 alicia.hasenbalg@gmail.com<\/p>\n","protected":false},"excerpt":{"rendered":"<p>El nombre de dominio seclantas-adentro-vinos.com pertenece a Seclantas Adentro. Propietario y Editor del sitio Internet Seclantas\u00a0Adentro Seclant\u00e1s Adentro Ruta 40, KM 4472 Valles Calchaqu\u00edes, Salta Argentina info@seclantas-adentro-vinos.com Hosting del sitio seclantas-adentro-vinos.com El sitio seclantas-adentro-vinos.com\u00a0est\u00e1 alojado por OVH 2 rue Kellermann 59100 Roubaix (FRANCE) Fax : (+33) 8 203 203 63 Importante Los derechos de propiedad [&hellip;]<\/p>\n","protected":false},"author":1,"featured_media":0,"parent":0,"menu_order":0,"comment_status":"open","ping_status":"open","template":"template-business.php","meta":{"_mi_skip_tracking":false,"footnotes":""},"class_list":["post-127","page","type-page","status-publish","hentry"],"yoast_head":"<!-- This site is optimized with the Yoast SEO plugin v20.4 - https:\/\/yoast.com\/wordpress\/plugins\/seo\/ -->\n<title>Aviso Legal - Seclantas Adentro<\/title>\n<meta name=\"robots\" content=\"index, follow, max-snippet:-1, max-image-preview:large, max-video-preview:-1\" \/>\n<link rel=\"canonical\" href=\"https:\/\/www.seclantas-adentro-vinos.com\/es\/aviso-legal\/\" \/>\n<meta property=\"og:locale\" content=\"es_ES\" \/>\n<meta property=\"og:type\" content=\"article\" \/>\n<meta property=\"og:title\" content=\"Aviso Legal - Seclantas Adentro\" \/>\n<meta property=\"og:description\" content=\"El nombre de dominio seclantas-adentro-vinos.com pertenece a Seclantas Adentro. Propietario y Editor del sitio Internet Seclantas\u00a0Adentro Seclant\u00e1s Adentro Ruta 40, KM 4472 Valles Calchaqu\u00edes, Salta Argentina info@seclantas-adentro-vinos.com Hosting del sitio seclantas-adentro-vinos.com El sitio seclantas-adentro-vinos.com\u00a0est\u00e1 alojado por OVH 2 rue Kellermann 59100 Roubaix (FRANCE) Fax : (+33) 8 203 203 63 Importante Los derechos de propiedad [&hellip;]\" \/>\n<meta property=\"og:url\" content=\"https:\/\/www.seclantas-adentro-vinos.com\/es\/aviso-legal\/\" \/>\n<meta property=\"og:site_name\" content=\"Seclantas Adentro\" \/>\n<meta property=\"article:publisher\" content=\"https:\/\/www.facebook.com\/seclantas.adentro\" \/>\n<meta property=\"article:modified_time\" content=\"2023-03-14T06:20:43+00:00\" \/>\n<meta property=\"og:image\" content=\"https:\/\/www.seclantas-adentro-vinos.com\/wp-content\/uploads\/2013\/08\/logo.png\" \/>\n\t<meta property=\"og:image:width\" content=\"340\" \/>\n\t<meta property=\"og:image:height\" content=\"78\" \/>\n\t<meta property=\"og:image:type\" content=\"image\/png\" \/>\n<meta name=\"twitter:card\" content=\"summary_large_image\" \/>\n<meta name=\"twitter:label1\" content=\"Tiempo de lectura\" \/>\n\t<meta name=\"twitter:data1\" content=\"2 minutos\" \/>\n<script type=\"application\/ld+json\" class=\"yoast-schema-graph\">{\"@context\":\"https:\/\/schema.org\",\"@graph\":[{\"@type\":\"WebPage\",\"@id\":\"https:\/\/www.seclantas-adentro-vinos.com\/es\/aviso-legal\/\",\"url\":\"https:\/\/www.seclantas-adentro-vinos.com\/es\/aviso-legal\/\",\"name\":\"Aviso Legal - Seclantas Adentro\",\"isPartOf\":{\"@id\":\"https:\/\/www.seclantas-adentro-vinos.com\/es\/#website\"},\"datePublished\":\"2014-06-17T08:35:25+00:00\",\"dateModified\":\"2023-03-14T06:20:43+00:00\",\"breadcrumb\":{\"@id\":\"https:\/\/www.seclantas-adentro-vinos.com\/es\/aviso-legal\/#breadcrumb\"},\"inLanguage\":\"es\",\"potentialAction\":[{\"@type\":\"ReadAction\",\"target\":[\"https:\/\/www.seclantas-adentro-vinos.com\/es\/aviso-legal\/\"]}]},{\"@type\":\"BreadcrumbList\",\"@id\":\"https:\/\/www.seclantas-adentro-vinos.com\/es\/aviso-legal\/#breadcrumb\",\"itemListElement\":[{\"@type\":\"ListItem\",\"position\":1,\"name\":\"Accueil\",\"item\":\"https:\/\/www.seclantas-adentro-vinos.com\/es\/\"},{\"@type\":\"ListItem\",\"position\":2,\"name\":\"Aviso Legal\"}]},{\"@type\":\"WebSite\",\"@id\":\"https:\/\/www.seclantas-adentro-vinos.com\/es\/#website\",\"url\":\"https:\/\/www.seclantas-adentro-vinos.com\/es\/\",\"name\":\"Seclantas Adentro\",\"description\":\"An exceptional wine  The quintessence of the Calchaqu\u00ed Valley.\",\"potentialAction\":[{\"@type\":\"SearchAction\",\"target\":{\"@type\":\"EntryPoint\",\"urlTemplate\":\"https:\/\/www.seclantas-adentro-vinos.com\/es\/?s={search_term_string}\"},\"query-input\":\"required name=search_term_string\"}],\"inLanguage\":\"es\"}]}<\/script>\n<!-- \/ Yoast SEO plugin. -->","yoast_head_json":{"title":"Aviso Legal - Seclantas Adentro","robots":{"index":"index","follow":"follow","max-snippet":"max-snippet:-1","max-image-preview":"max-image-preview:large","max-video-preview":"max-video-preview:-1"},"canonical":"https:\/\/www.seclantas-adentro-vinos.com\/es\/aviso-legal\/","og_locale":"es_ES","og_type":"article","og_title":"Aviso Legal - Seclantas Adentro","og_description":"El nombre de dominio seclantas-adentro-vinos.com pertenece a Seclantas Adentro. Propietario y Editor del sitio Internet Seclantas\u00a0Adentro Seclant\u00e1s Adentro Ruta 40, KM 4472 Valles Calchaqu\u00edes, Salta Argentina info@seclantas-adentro-vinos.com Hosting del sitio seclantas-adentro-vinos.com El sitio seclantas-adentro-vinos.com\u00a0est\u00e1 alojado por OVH 2 rue Kellermann 59100 Roubaix (FRANCE) Fax : (+33) 8 203 203 63 Importante Los derechos de propiedad [&hellip;]","og_url":"https:\/\/www.seclantas-adentro-vinos.com\/es\/aviso-legal\/","og_site_name":"Seclantas Adentro","article_publisher":"https:\/\/www.facebook.com\/seclantas.adentro","article_modified_time":"2023-03-14T06:20:43+00:00","og_image":[{"width":340,"height":78,"url":"https:\/\/www.seclantas-adentro-vinos.com\/wp-content\/uploads\/2013\/08\/logo.png","type":"image\/png"}],"twitter_card":"summary_large_image","twitter_misc":{"Tiempo de lectura":"2 minutos"},"schema":{"@context":"https:\/\/schema.org","@graph":[{"@type":"WebPage","@id":"https:\/\/www.seclantas-adentro-vinos.com\/es\/aviso-legal\/","url":"https:\/\/www.seclantas-adentro-vinos.com\/es\/aviso-legal\/","name":"Aviso Legal - Seclantas Adentro","isPartOf":{"@id":"https:\/\/www.seclantas-adentro-vinos.com\/es\/#website"},"datePublished":"2014-06-17T08:35:25+00:00","dateModified":"2023-03-14T06:20:43+00:00","breadcrumb":{"@id":"https:\/\/www.seclantas-adentro-vinos.com\/es\/aviso-legal\/#breadcrumb"},"inLanguage":"es","potentialAction":[{"@type":"ReadAction","target":["https:\/\/www.seclantas-adentro-vinos.com\/es\/aviso-legal\/"]}]},{"@type":"BreadcrumbList","@id":"https:\/\/www.seclantas-adentro-vinos.com\/es\/aviso-legal\/#breadcrumb","itemListElement":[{"@type":"ListItem","position":1,"name":"Accueil","item":"https:\/\/www.seclantas-adentro-vinos.com\/es\/"},{"@type":"ListItem","position":2,"name":"Aviso Legal"}]},{"@type":"WebSite","@id":"https:\/\/www.seclantas-adentro-vinos.com\/es\/#website","url":"https:\/\/www.seclantas-adentro-vinos.com\/es\/","name":"Seclantas Adentro","description":"An exceptional wine  The quintessence of the Calchaqu\u00ed Valley.","potentialAction":[{"@type":"SearchAction","target":{"@type":"EntryPoint","urlTemplate":"https:\/\/www.seclantas-adentro-vinos.com\/es\/?s={search_term_string}"},"query-input":"required name=search_term_string"}],"inLanguage":"es"}]}},"_links":{"self":[{"href":"https:\/\/www.seclantas-adentro-vinos.com\/es\/wp-json\/wp\/v2\/pages\/127","targetHints":{"allow":["GET"]}}],"collection":[{"href":"https:\/\/www.seclantas-adentro-vinos.com\/es\/wp-json\/wp\/v2\/pages"}],"about":[{"href":"https:\/\/www.seclantas-adentro-vinos.com\/es\/wp-json\/wp\/v2\/types\/page"}],"author":[{"embeddable":true,"href":"https:\/\/www.seclantas-adentro-vinos.com\/es\/wp-json\/wp\/v2\/users\/1"}],"replies":[{"embeddable":true,"href":"https:\/\/www.seclantas-adentro-vinos.com\/es\/wp-json\/wp\/v2\/comments?post=127"}],"version-history":[{"count":2,"href":"https:\/\/www.seclantas-adentro-vinos.com\/es\/wp-json\/wp\/v2\/pages\/127\/revisions"}],"predecessor-version":[{"id":2150,"href":"https:\/\/www.seclantas-adentro-vinos.com\/es\/wp-json\/wp\/v2\/pages\/127\/revisions\/2150"}],"wp:attachment":[{"href":"https:\/\/www.seclantas-adentro-vinos.com\/es\/wp-json\/wp\/v2\/media?parent=127"}],"curies":[{"name":"wp","href":"https:\/\/api.w.org\/{rel}","templated":true}]}}